{"id":23,"date":"2016-02-05T08:56:20","date_gmt":"2016-02-05T07:56:20","guid":{"rendered":"http:\/\/www.wolfganghenrich.de\/psychotherapie-bielefeld\/?page_id=23"},"modified":"2024-07-12T10:52:30","modified_gmt":"2024-07-12T08:52:30","slug":"kontakt","status":"publish","type":"page","link":"https:\/\/wolfganghenrich.de\/psychotherapie-bielefeld\/kontakt\/","title":{"rendered":"Kontakt &#038; Anfahrt"},"content":{"rendered":"<div class=\"su-row\"><div class=\"su-column su-column-size-1-2\"><div class=\"su-column-inner su-u-clearfix su-u-trim\"><div class=\"su-note\"  style=\"border-color:#97badb;border-radius:3px;-moz-border-radius:3px;-webkit-border-radius:3px;\"><div class=\"su-note-inner su-u-clearfix su-u-trim\" style=\"background-color:#B1D4F5;border-color:#ffffff;color:#333333;border-radius:3px;-moz-border-radius:3px;-webkit-border-radius:3px;\">Dipl.-Psych. Wolfgang Henrich<br \/>\nWaltgerweg 10 (N\u00e4he Uni Bielefeld)<br \/>\n33619 Bielefeld<\/p>\n<p>Tel.: 0521 8009570<br \/>\nFax: 0521 8015909<\/p>\n<p>eMail: kontakt[\u00e4t]wolfganghenrich.de<br \/>\nWeb: www.wolfganghenrich.de<\/p>\n<\/div><\/div><div class=\"su-gmap su-u-responsive-media-yes\"><iframe loading=\"lazy\" width=\"600\" height=\"400\" src=\"\/\/maps.google.com\/maps?q=Dipl.-Psych.%20Wolfgang%20Henrich%2C%20Waltgerweg%2010%2C%2033619%20Bielefeld&amp;output=embed\" title=\"\"><\/iframe><\/div>\n<\/div><\/div><div class=\"su-column su-column-size-1-2\"><div class=\"su-column-inner su-u-clearfix su-u-trim\">\n<p>Wenn Sie Fragen haben oder mir etwas mitteilen m\u00f6chten, k\u00f6nnen Sie zudem das folgende <strong>Kontaktformular<\/strong> nutzen.<\/p>\n\n<div class=\"wpcf7 no-js\" id=\"wpcf7-f112-o1\" lang=\"de-DE\" dir=\"ltr\" data-wpcf7-id=\"112\">\n<div class=\"screen-reader-response\"><p role=\"status\" aria-live=\"polite\" aria-atomic=\"true\"><\/p> <ul><\/ul><\/div>\n<form action=\"\/psychotherapie-bielefeld\/wp-json\/wp\/v2\/pages\/23#wpcf7-f112-o1\" method=\"post\" class=\"wpcf7-form init\" aria-label=\"Kontaktformular\" novalidate=\"novalidate\" data-status=\"init\">\n<fieldset class=\"hidden-fields-container\"><input type=\"hidden\" name=\"_wpcf7\" value=\"112\" \/><input type=\"hidden\" name=\"_wpcf7_version\" value=\"6.1.4\" \/><input type=\"hidden\" name=\"_wpcf7_locale\" value=\"de_DE\" \/><input type=\"hidden\" name=\"_wpcf7_unit_tag\" value=\"wpcf7-f112-o1\" \/><input type=\"hidden\" name=\"_wpcf7_container_post\" value=\"0\" \/><input type=\"hidden\" name=\"_wpcf7_posted_data_hash\" value=\"\" \/>\n<\/fieldset>\n<p>Ihr Name (Pflichtfeld)<br \/>\n<span class=\"wpcf7-form-control-wrap\" data-name=\"your-name\"><input size=\"40\" maxlength=\"400\" class=\"wpcf7-form-control wpcf7-text wpcf7-validates-as-required\" aria-required=\"true\" aria-invalid=\"false\" value=\"\" type=\"text\" name=\"your-name\" \/><\/span><br \/>\nIhre E-Mail-Adresse (Pflichtfeld)<br \/>\n<span class=\"wpcf7-form-control-wrap\" data-name=\"your-email\"><input size=\"40\" maxlength=\"400\" class=\"wpcf7-form-control wpcf7-email wpcf7-validates-as-required wpcf7-text wpcf7-validates-as-email\" aria-required=\"true\" aria-invalid=\"false\" value=\"\" type=\"email\" name=\"your-email\" \/><\/span><br \/>\nBetreff\n<\/p>\n<p><span class=\"wpcf7-form-control-wrap\" data-name=\"checkbox-203\"><span class=\"wpcf7-form-control wpcf7-checkbox\"><span class=\"wpcf7-list-item first last\"><input type=\"checkbox\" name=\"checkbox-203[]\" value=\"Allgemeine Anfrage\" \/><span class=\"wpcf7-list-item-label\">Allgemeine Anfrage<\/span><\/span><\/span><\/span>\n<\/p>\n<p><span class=\"wpcf7-form-control-wrap\" data-name=\"checkbox-204\"><span class=\"wpcf7-form-control wpcf7-checkbox\"><span class=\"wpcf7-list-item first last\"><input type=\"checkbox\" name=\"checkbox-204[]\" value=\"Terminvereinbarung*\" \/><span class=\"wpcf7-list-item-label\">Terminvereinbarung*<\/span><\/span><\/span><\/span>\n<\/p>\n<p>Ihre Nachricht (Pflichtfeld)\n<\/p>\n<p><span class=\"wpcf7-form-control-wrap\" data-name=\"your-message\"><textarea cols=\"40\" rows=\"10\" maxlength=\"2000\" class=\"wpcf7-form-control wpcf7-textarea wpcf7-validates-as-required\" aria-required=\"true\" aria-invalid=\"false\" name=\"your-message\"><\/textarea><\/span>\n<\/p>\n<p>Wir sch\u00fctzen Ihre Daten. Mehr Infos zur Verarbeitung personenbezogener Daten in unserer <a href=\"https:\/\/www.wolfganghenrich.de\/psychotherapie-bielefeld\/datenschutzerklaerung\/\">Datenschutzerkl\u00e4rung.<\/a>\n<\/p>\n<p><span class=\"wpcf7-form-control-wrap\" data-name=\"acceptance-213\"><span class=\"wpcf7-form-control wpcf7-acceptance\"><span class=\"wpcf7-list-item\"><label><input type=\"checkbox\" name=\"acceptance-213\" value=\"1\" aria-invalid=\"false\" \/><span class=\"wpcf7-list-item-label\">Ich bin mit der Verarbeitung personenbezogener Daten einverstanden.<\/span><\/label><\/span><\/span><\/span>\n<\/p>\n<p><input class=\"wpcf7-form-control wpcf7-submit has-spinner\" type=\"submit\" value=\"Senden\" \/>\n<\/p><div class=\"wpcf7-response-output\" aria-hidden=\"true\"><\/div>\n<\/form>\n<\/div>\n\n<p>*Teilen Sie mir bitte mit, zu welchen Zeiten (Bsp.: vormittags von 9:00 &#8211; 12:00 Uhr, immer nur Montags, etc.) Sie am besten einen Termin vereinbaren m\u00f6chten. Bringen Sie bitte bei Ihrem ersten Besuch in meiner Praxis Ihre Krankenversicherungskarte mit. Ich f\u00fchre die Praxis als Bestellpraxis, d.h. wenn Sie p\u00fcnktlich zum vereinbarten Termin kommen, haben Sie keine Wartezeit. Bitte haben Sie deshalb daf\u00fcr Verst\u00e4ndnis, da\u00df vereinbarte Termine, die nicht mindestens 3 Tage vorher abgesagt werden, berechnet werden m\u00fcssen. Dieses gilt auch f\u00fcr das Erstgespr\u00e4ch.<\/p>\n<\/div><\/div> <\/div>\n","protected":false},"excerpt":{"rendered":"","protected":false},"author":1,"featured_media":0,"parent":0,"menu_order":0,"comment_status":"closed","ping_status":"closed","template":"","meta":{"footnotes":""},"class_list":["post-23","page","type-page","status-publish","hentry"],"_links":{"self":[{"href":"https:\/\/wolfganghenrich.de\/psychotherapie-bielefeld\/wp-json\/wp\/v2\/pages\/23","targetHints":{"allow":["GET"]}}],"collection":[{"href":"https:\/\/wolfganghenrich.de\/psychotherapie-bielefeld\/wp-json\/wp\/v2\/pages"}],"about":[{"href":"https:\/\/wolfganghenrich.de\/psychotherapie-bielefeld\/wp-json\/wp\/v2\/types\/page"}],"author":[{"embeddable":true,"href":"https:\/\/wolfganghenrich.de\/psychotherapie-bielefeld\/wp-json\/wp\/v2\/users\/1"}],"replies":[{"embeddable":true,"href":"https:\/\/wolfganghenrich.de\/psychotherapie-bielefeld\/wp-json\/wp\/v2\/comments?post=23"}],"version-history":[{"count":25,"href":"https:\/\/wolfganghenrich.de\/psychotherapie-bielefeld\/wp-json\/wp\/v2\/pages\/23\/revisions"}],"predecessor-version":[{"id":444,"href":"https:\/\/wolfganghenrich.de\/psychotherapie-bielefeld\/wp-json\/wp\/v2\/pages\/23\/revisions\/444"}],"wp:attachment":[{"href":"https:\/\/wolfganghenrich.de\/psychotherapie-bielefeld\/wp-json\/wp\/v2\/media?parent=23"}],"curies":[{"name":"wp","href":"https:\/\/api.w.org\/{rel}","templated":true}]}}