{"id":27,"date":"2016-02-05T08:57:02","date_gmt":"2016-02-05T07:57:02","guid":{"rendered":"http:\/\/www.wolfganghenrich.de\/psychotherapie-bielefeld\/?page_id=27"},"modified":"2025-12-09T13:08:33","modified_gmt":"2025-12-09T12:08:33","slug":"links","status":"publish","type":"page","link":"https:\/\/wolfganghenrich.de\/psychotherapie-bielefeld\/links\/","title":{"rendered":"Links"},"content":{"rendered":"<p>Nachfolgend finden sie einige weiterf\u00fchrende Links:<\/p>\n<figure id=\"attachment_125\" aria-describedby=\"caption-attachment-125\" style=\"width: 492px\" class=\"wp-caption alignnone\"><a href=\"http:\/\/www.app-bielefeld.de\/\" target=\"_blank\" rel=\"noopener\"><img loading=\"lazy\" decoding=\"async\" class=\"wp-image-125 size-full\" src=\"http:\/\/www.wolfganghenrich.de\/psychotherapie-bielefeld\/wp-content\/uploads\/2016\/02\/app_logo.jpg\" alt=\"Arbeitskreis niedergelassener psychologischer PsychotherapeutInnen Bielefeld e.V.\" width=\"492\" height=\"118\" srcset=\"https:\/\/wolfganghenrich.de\/psychotherapie-bielefeld\/wp-content\/uploads\/2016\/02\/app_logo.jpg 492w, https:\/\/wolfganghenrich.de\/psychotherapie-bielefeld\/wp-content\/uploads\/2016\/02\/app_logo-300x72.jpg 300w\" sizes=\"auto, (max-width: 492px) 100vw, 492px\" \/><\/a><figcaption id=\"caption-attachment-125\" class=\"wp-caption-text\">Arbeitskreis niedergelassener psychologischer PsychotherapeutInnen Bielefeld e.V.<\/figcaption><\/figure>\n<figure id=\"attachment_139\" aria-describedby=\"caption-attachment-139\" style=\"width: 343px\" class=\"wp-caption alignnone\"><a href=\"http:\/\/www.zap-lehrinstitut.de\/\" target=\"_blank\" rel=\"noopener\"><img loading=\"lazy\" decoding=\"async\" class=\"wp-image-139 size-full\" src=\"http:\/\/www.wolfganghenrich.de\/psychotherapie-bielefeld\/wp-content\/uploads\/2016\/02\/zap.jpg\" alt=\" Psychotherapieausbildung am ZAP Zentrum Ausbildung Psychotherapie \" width=\"343\" height=\"64\" srcset=\"https:\/\/wolfganghenrich.de\/psychotherapie-bielefeld\/wp-content\/uploads\/2016\/02\/zap.jpg 343w, https:\/\/wolfganghenrich.de\/psychotherapie-bielefeld\/wp-content\/uploads\/2016\/02\/zap-300x56.jpg 300w\" sizes=\"auto, (max-width: 343px) 100vw, 343px\" \/><\/a><figcaption id=\"caption-attachment-139\" class=\"wp-caption-text\">Psychotherapieausbildung am ZAP Zentrum Ausbildung Psychotherapie<\/figcaption><\/figure>\n<figure id=\"attachment_128\" aria-describedby=\"caption-attachment-128\" style=\"width: 364px\" class=\"wp-caption alignnone\"><a href=\"http:\/\/www.deutschepsychotherapeutenvereinigung.de\/der-verband\/\" target=\"_blank\" rel=\"noopener\"><img loading=\"lazy\" decoding=\"async\" class=\"wp-image-128 size-full\" src=\"http:\/\/www.wolfganghenrich.de\/psychotherapie-bielefeld\/wp-content\/uploads\/2016\/02\/dpv.jpg\" alt=\"Deutsche PsychotherapeutenVereinigung\" width=\"364\" height=\"87\" srcset=\"https:\/\/wolfganghenrich.de\/psychotherapie-bielefeld\/wp-content\/uploads\/2016\/02\/dpv.jpg 364w, https:\/\/wolfganghenrich.de\/psychotherapie-bielefeld\/wp-content\/uploads\/2016\/02\/dpv-300x72.jpg 300w\" sizes=\"auto, (max-width: 364px) 100vw, 364px\" \/><\/a><figcaption id=\"caption-attachment-128\" class=\"wp-caption-text\">Deutsche PsychotherapeutenVereinigung<\/figcaption><\/figure>\n<figure id=\"attachment_129\" aria-describedby=\"caption-attachment-129\" style=\"width: 300px\" class=\"wp-caption alignnone\"><a href=\"http:\/\/www.dvg-gestalt.de\/\" target=\"_blank\" rel=\"noopener\"><img loading=\"lazy\" decoding=\"async\" class=\"wp-image-129 size-full\" src=\"http:\/\/www.wolfganghenrich.de\/psychotherapie-bielefeld\/wp-content\/uploads\/2016\/02\/DVG.jpg\" alt=\"Deutsche Vereinigung f\u00fcr Gestalttherapie e.V.\" width=\"300\" height=\"119\" \/><\/a><figcaption id=\"caption-attachment-129\" class=\"wp-caption-text\">Deutsche Vereinigung f\u00fcr Gestalttherapie e.V.<\/figcaption><\/figure>\n<figure id=\"attachment_126\" aria-describedby=\"caption-attachment-126\" style=\"width: 250px\" class=\"wp-caption alignnone\"><a href=\"https:\/\/roberthalldharmatalks.wordpress.com\/\" target=\"_blank\" rel=\"noopener\"><img loading=\"lazy\" decoding=\"async\" class=\"wp-image-126 size-full\" src=\"http:\/\/www.wolfganghenrich.de\/psychotherapie-bielefeld\/wp-content\/uploads\/2016\/02\/Dharma-logo.jpg\" alt=\"Robert K. Hall - Dharma Talk Blog\" width=\"250\" height=\"249\" srcset=\"https:\/\/wolfganghenrich.de\/psychotherapie-bielefeld\/wp-content\/uploads\/2016\/02\/Dharma-logo.jpg 250w, https:\/\/wolfganghenrich.de\/psychotherapie-bielefeld\/wp-content\/uploads\/2016\/02\/Dharma-logo-150x150.jpg 150w, https:\/\/wolfganghenrich.de\/psychotherapie-bielefeld\/wp-content\/uploads\/2016\/02\/Dharma-logo-230x230.jpg 230w\" sizes=\"auto, (max-width: 250px) 100vw, 250px\" \/><\/a><figcaption id=\"caption-attachment-126\" class=\"wp-caption-text\">Robert K. Hall &#8211; Dharma Talk Blog<\/figcaption><\/figure>\n<figure id=\"attachment_130\" aria-describedby=\"caption-attachment-130\" style=\"width: 226px\" class=\"wp-caption alignnone\"><a href=\"http:\/\/web.archive.org\/web\/20071224124509\/http:\/\/www.ecbs.ch\/intro_g.shtml\" target=\"_blank\" rel=\"noopener\"><img loading=\"lazy\" decoding=\"async\" class=\"wp-image-130 size-full\" src=\"http:\/\/www.wolfganghenrich.de\/psychotherapie-bielefeld\/wp-content\/uploads\/2016\/02\/ECBS_logo.jpg\" alt=\"ECBS - Europ\u00e4isches Collegium f\u00fcr Bewu\u00dftseinsstudien\" width=\"226\" height=\"226\" srcset=\"https:\/\/wolfganghenrich.de\/psychotherapie-bielefeld\/wp-content\/uploads\/2016\/02\/ECBS_logo.jpg 226w, https:\/\/wolfganghenrich.de\/psychotherapie-bielefeld\/wp-content\/uploads\/2016\/02\/ECBS_logo-150x150.jpg 150w\" sizes=\"auto, (max-width: 226px) 100vw, 226px\" \/><\/a><figcaption id=\"caption-attachment-130\" class=\"wp-caption-text\">ECBS &#8211; Europ\u00e4isches Collegium f\u00fcr Bewu\u00dftseinsstudien<\/figcaption><\/figure>\n<figure id=\"attachment_402\" aria-describedby=\"caption-attachment-402\" style=\"width: 300px\" class=\"wp-caption alignnone\"><a href=\"https:\/\/www.eichgrund.de\/\" target=\"_blank\" rel=\"noopener\"><img loading=\"lazy\" decoding=\"async\" class=\"size-medium wp-image-402\" src=\"https:\/\/wolfganghenrich.de\/psychotherapie-bielefeld\/wp-content\/uploads\/2022\/11\/Gestalttherapie-Ausbildung-300x105.png\" alt=\"Eichgrund Institut f\u00fcr Integrative Gestalttherapie\" width=\"300\" height=\"105\" srcset=\"https:\/\/wolfganghenrich.de\/psychotherapie-bielefeld\/wp-content\/uploads\/2022\/11\/Gestalttherapie-Ausbildung-300x105.png 300w, https:\/\/wolfganghenrich.de\/psychotherapie-bielefeld\/wp-content\/uploads\/2022\/11\/Gestalttherapie-Ausbildung.png 600w\" sizes=\"auto, (max-width: 300px) 100vw, 300px\" \/><\/a><figcaption id=\"caption-attachment-402\" class=\"wp-caption-text\">Eichgrund Institut f\u00fcr Integrative Gestalttherapie<\/figcaption><\/figure>\n<figure id=\"attachment_316\" aria-describedby=\"caption-attachment-316\" style=\"width: 197px\" class=\"wp-caption alignnone\"><a href=\"https:\/\/www.innersystems.org\/iist\" target=\"_blank\" rel=\"noopener\"><img loading=\"lazy\" decoding=\"async\" class=\"wp-image-316 size-full\" title=\" IIST Integrative Inner Systems Therapy\" src=\"https:\/\/uploads-ssl.webflow.com\/620bc55843e3f869f1b8509b\/620d27c0682d1a5a88063a07_Logo%20IISt-p-500.png\" alt=\" IIST Integrative Inner Systems Therapy\" width=\"197\" height=\"197\" \/><\/a><figcaption id=\"caption-attachment-316\" class=\"wp-caption-text\">IIST Integrative Inner Systems Therapy<\/figcaption><\/figure>\n<figure id=\"attachment_132\" aria-describedby=\"caption-attachment-132\" style=\"width: 180px\" class=\"wp-caption alignnone\"><a href=\"https:\/\/jimkepner.com\/\" target=\"_blank\" rel=\"noopener\"><img loading=\"lazy\" decoding=\"async\" class=\"wp-image-132 size-full\" src=\"http:\/\/www.wolfganghenrich.de\/psychotherapie-bielefeld\/wp-content\/uploads\/2016\/02\/j-Kepner.jpg\" alt=\"Jim Kepner - Gestalt Body Process Psychotherapy\" width=\"180\" height=\"189\" \/><\/a><figcaption id=\"caption-attachment-132\" class=\"wp-caption-text\">Jim Kepner &#8211; Gestalt Body Process Psychotherapy<\/figcaption><\/figure>\n<figure id=\"attachment_133\" aria-describedby=\"caption-attachment-133\" style=\"width: 205px\" class=\"wp-caption alignnone\"><a href=\"http:\/\/www.lomi.org\/\" target=\"_blank\" rel=\"noopener\"><img loading=\"lazy\" decoding=\"async\" class=\"wp-image-133 size-full\" src=\"http:\/\/www.wolfganghenrich.de\/psychotherapie-bielefeld\/wp-content\/uploads\/2016\/02\/Lomi.jpg\" alt=\"Lomi Psychotherapy Clinic\" width=\"205\" height=\"96\" \/><\/a><figcaption id=\"caption-attachment-133\" class=\"wp-caption-text\">Lomi Psychotherapy Clinic<\/figcaption><\/figure>\n<figure id=\"attachment_134\" aria-describedby=\"caption-attachment-134\" style=\"width: 559px\" class=\"wp-caption alignnone\"><a href=\"http:\/\/www.maps.org\/\" target=\"_blank\" rel=\"noopener\"><img loading=\"lazy\" decoding=\"async\" class=\"wp-image-134 size-full\" src=\"http:\/\/www.wolfganghenrich.de\/psychotherapie-bielefeld\/wp-content\/uploads\/2016\/02\/MAPS-gr.jpg\" alt=\"Multidisciplinary Association for Psychedelic Studies (MAPS)\" width=\"559\" height=\"181\" srcset=\"https:\/\/wolfganghenrich.de\/psychotherapie-bielefeld\/wp-content\/uploads\/2016\/02\/MAPS-gr.jpg 559w, https:\/\/wolfganghenrich.de\/psychotherapie-bielefeld\/wp-content\/uploads\/2016\/02\/MAPS-gr-300x97.jpg 300w\" sizes=\"auto, (max-width: 559px) 100vw, 559px\" \/><\/a><figcaption id=\"caption-attachment-134\" class=\"wp-caption-text\">Multidisciplinary Association for Psychedelic Studies (MAPS)<\/figcaption><\/figure>\n<figure id=\"attachment_135\" aria-describedby=\"caption-attachment-135\" style=\"width: 250px\" class=\"wp-caption alignnone\"><a href=\"http:\/\/www.neuralsomaticintegration.com\/\" target=\"_blank\" rel=\"noopener\"><img loading=\"lazy\" decoding=\"async\" class=\"wp-image-135 size-full\" src=\"http:\/\/www.wolfganghenrich.de\/psychotherapie-bielefeld\/wp-content\/uploads\/2016\/02\/NSI-logo.jpg\" alt=\"Neural Somatic Integration\u00ae (NSI)\" width=\"250\" height=\"208\" \/><\/a><figcaption id=\"caption-attachment-135\" class=\"wp-caption-text\">Neural Somatic Integration\u00ae (NSI)<\/figcaption><\/figure>\n<figure id=\"attachment_136\" aria-describedby=\"caption-attachment-136\" style=\"width: 207px\" class=\"wp-caption alignnone\"><a href=\"http:\/\/www.pathwaysforhealing.com\/\" target=\"_blank\" rel=\"noopener\"><img loading=\"lazy\" decoding=\"async\" class=\"wp-image-136 size-full\" src=\"http:\/\/www.wolfganghenrich.de\/psychotherapie-bielefeld\/wp-content\/uploads\/2016\/02\/pathways_logo.jpg\" alt=\"Pathways For Healing\" width=\"207\" height=\"56\" \/><\/a><figcaption id=\"caption-attachment-136\" class=\"wp-caption-text\">Pathways For Healing<\/figcaption><\/figure>\n<figure id=\"attachment_137\" aria-describedby=\"caption-attachment-137\" style=\"width: 353px\" class=\"wp-caption alignnone\"><a href=\"http:\/\/www.stanislavgrof.com\/\" target=\"_blank\" rel=\"noopener\"><img loading=\"lazy\" decoding=\"async\" class=\"wp-image-137 size-full\" src=\"http:\/\/www.wolfganghenrich.de\/psychotherapie-bielefeld\/wp-content\/uploads\/2016\/02\/Stanislav-Grof-logo.jpg\" alt=\"Stanislav Grof\" width=\"353\" height=\"77\" srcset=\"https:\/\/wolfganghenrich.de\/psychotherapie-bielefeld\/wp-content\/uploads\/2016\/02\/Stanislav-Grof-logo.jpg 353w, https:\/\/wolfganghenrich.de\/psychotherapie-bielefeld\/wp-content\/uploads\/2016\/02\/Stanislav-Grof-logo-300x65.jpg 300w\" sizes=\"auto, (max-width: 353px) 100vw, 353px\" \/><\/a><figcaption id=\"caption-attachment-137\" class=\"wp-caption-text\">Stanislav Grof<\/figcaption><\/figure>\n<figure id=\"attachment_138\" aria-describedby=\"caption-attachment-138\" style=\"width: 342px\" class=\"wp-caption alignnone\"><a href=\"https:\/\/www.arbor-seminare.de\/katharina-martin\" target=\"_blank\" rel=\"noopener\"><img class=\"wp-image-138 size-full\" alt=\"Arbor-seminare.de\/katharina-martin\" width=\"342\" height=\"101\" \/><\/a><figcaption id=\"caption-attachment-138\" class=\"wp-caption-text\">arbor-seminare.de\/katharina-martin<\/figcaption><\/figure>\n<figure id=\"attachment_319\" aria-describedby=\"caption-attachment-319\" style=\"width: 600px\" class=\"wp-caption alignnone\"><a href=\"http:\/\/www.wingedheart.org\/\" target=\"_blank\" rel=\"noopener\"><img loading=\"lazy\" decoding=\"async\" class=\"wp-image-319 size-full\" title=\"Tom Holmes - Winged Heart\" src=\"http:\/\/www.wolfganghenrich.de\/psychotherapie-bielefeld\/wp-content\/uploads\/2016\/02\/tom-holmes-winged-heart.jpg\" alt=\"tom holmes winged heart\" width=\"600\" height=\"133\" srcset=\"https:\/\/wolfganghenrich.de\/psychotherapie-bielefeld\/wp-content\/uploads\/2016\/02\/tom-holmes-winged-heart.jpg 600w, https:\/\/wolfganghenrich.de\/psychotherapie-bielefeld\/wp-content\/uploads\/2016\/02\/tom-holmes-winged-heart-300x67.jpg 300w\" sizes=\"auto, (max-width: 600px) 100vw, 600px\" \/><\/a><figcaption id=\"caption-attachment-319\" class=\"wp-caption-text\">Tom Holmes &#8211; Winged Heart<\/figcaption><\/figure>\n<p>&nbsp;<\/p>\n<p>&nbsp;<\/p>\n<p>&nbsp;<\/p>\n<p>&nbsp;<\/p>\n<p>&nbsp;<\/p>\n","protected":false},"excerpt":{"rendered":"<p>Nachfolgend finden sie einige weiterf\u00fchrende Links: &nbsp; &nbsp; &nbsp; &nbsp; &nbsp;<\/p>\n","protected":false},"author":1,"featured_media":0,"parent":0,"menu_order":0,"comment_status":"closed","ping_status":"closed","template":"","meta":{"footnotes":""},"class_list":["post-27","page","type-page","status-publish","hentry"],"_links":{"self":[{"href":"https:\/\/wolfganghenrich.de\/psychotherapie-bielefeld\/wp-json\/wp\/v2\/pages\/27","targetHints":{"allow":["GET"]}}],"collection":[{"href":"https:\/\/wolfganghenrich.de\/psychotherapie-bielefeld\/wp-json\/wp\/v2\/pages"}],"about":[{"href":"https:\/\/wolfganghenrich.de\/psychotherapie-bielefeld\/wp-json\/wp\/v2\/types\/page"}],"author":[{"embeddable":true,"href":"https:\/\/wolfganghenrich.de\/psychotherapie-bielefeld\/wp-json\/wp\/v2\/users\/1"}],"replies":[{"embeddable":true,"href":"https:\/\/wolfganghenrich.de\/psychotherapie-bielefeld\/wp-json\/wp\/v2\/comments?post=27"}],"version-history":[{"count":42,"href":"https:\/\/wolfganghenrich.de\/psychotherapie-bielefeld\/wp-json\/wp\/v2\/pages\/27\/revisions"}],"predecessor-version":[{"id":399,"href":"https:\/\/wolfganghenrich.de\/psychotherapie-bielefeld\/wp-json\/wp\/v2\/pages\/27\/revisions\/399"}],"wp:attachment":[{"href":"https:\/\/wolfganghenrich.de\/psychotherapie-bielefeld\/wp-json\/wp\/v2\/media?parent=27"}],"curies":[{"name":"wp","href":"https:\/\/api.w.org\/{rel}","templated":true}]}}