{"id":29,"date":"2016-02-05T08:57:19","date_gmt":"2016-02-05T07:57:19","guid":{"rendered":"http:\/\/www.wolfganghenrich.de\/psychotherapie-bielefeld\/?page_id=29"},"modified":"2023-02-06T17:07:46","modified_gmt":"2023-02-06T16:07:46","slug":"impressum","status":"publish","type":"page","link":"https:\/\/wolfganghenrich.de\/psychotherapie-bielefeld\/impressum\/","title":{"rendered":"Impressum"},"content":{"rendered":"<p><strong>Verantwortlich f\u00fcr Inhalte und Angebote:<\/strong><\/p>\n<p>Dipl.-Psych. Wolfgang Henrich<br \/>\nWaltgerweg 10<br \/>\n33619 Bielefeld<br \/>\nStNr.:349\/5120 0190<\/p>\n<p><strong>Gesetzliche Berufsbezeichnung:<\/strong> Psychologischer Psychotherapeut<br \/>\nverliehen von der Bundesrepublik Deutschland<br \/>\n<strong>Approbationsbeh\u00f6rde:<\/strong> Bezirksregierung Detmold<br \/>\n<strong>Aufsichtsbeh\u00f6rde:<\/strong> Psychotherapeutenkammer NRW<br \/>\n<a title=\"Gehe zu 'PTK-NRW'\" href=\"http:\/\/www.ptk-nrw.de\/\">http:\/\/www.ptk-nrw.de<\/a><\/p>\n<p>Willst\u00e4tterstra\u00dfe 10<br \/>\n40549 D\u00fcsseldorf<br \/>\nTel. 0211\/52 28 47-0<\/p>\n<p>sowie die Zulassungsbeh\u00f6rde:<br \/>\nKassen\u00e4rztliche Vereinigung Westfalen-Lippe<a href=\"http:\/\/www.kvwl.de\/\"><br \/>\nhttp:\/\/www.kvwl.de\/<\/a><br \/>\nRobert-Schimrigk-Str. 4-6<br \/>\n44141 Dortmund<br \/>\nTel: 0231 \/ 94 32 0<\/p>\n<p>Tel.\/Fax: 0521 8009570<br \/>\neMail: kontakt[\u00e4t]wolfganghenrich.de<br \/>\nWeb: www.wolfganghenrich.de<\/p>\n<p><strong>Zum Haftungsausschlu\u00df:<\/strong><\/p>\n<p>Ich distanziere mich ausdr\u00fccklich nicht von den Inhalten externer Links. Ich habe sie gesetzt, weil ich diese Links f\u00fcr interessant halte, weil sie Auskunft \u00fcber meine Quellen geben, weil sie weiterf\u00fchren oder das Gesagte vertiefen, d. h. ich empfehle sie ausdr\u00fccklich. Es ist inzwischen auch unter Juristen klar, dass auch, wer sich verbal distanziert, zur Verantwortung gezogen werden kann, wenn er davon wusste. Und macht sich nicht gerade jemand, der vorauseilend jede Verantwortung ablehnt, suspekt?<\/p>\n<p>Die hier angef\u00fchrten Links habe ich sorgf\u00e4ltig ausgew\u00e4hlt und keine rechtswidrigen Inhalte entdeckt, lehne jedoch eine unzumutbare Pr\u00fcfungspflicht ab. In diesem Sinne bitte ich jeden, selbst Verantwortung f\u00fcr das weitere Studium meiner Links zu \u00fcbernehmen.<\/p>\n<p>Wer hierzu noch mehr lesen m\u00f6chte, informiere sich bitte in der Kanzlei von <a href=\"http:\/\/www.dr-bahr.com\/infos\/rechts-faq\/recht-der-neuen-medien.html#RechtderNeuenMedien_id14\" target=\"blank\" rel=\"noopener\">Dr. Bahr.<\/a><\/p>\n","protected":false},"excerpt":{"rendered":"<p>Verantwortlich f\u00fcr Inhalte und Angebote: Dipl.-Psych. Wolfgang Henrich Waltgerweg 10 33619 Bielefeld StNr.:349\/5120 0190 Gesetzliche Berufsbezeichnung: Psychologischer Psychotherapeut verliehen von der Bundesrepublik Deutschland Approbationsbeh\u00f6rde: Bezirksregierung Detmold Aufsichtsbeh\u00f6rde: Psychotherapeutenkammer NRW http:\/\/www.ptk-nrw.de Willst\u00e4tterstra\u00dfe 10 40549 D\u00fcsseldorf Tel. 0211\/52 28 47-0 sowie die<\/p>\n","protected":false},"author":1,"featured_media":0,"parent":0,"menu_order":0,"comment_status":"closed","ping_status":"closed","template":"","meta":{"footnotes":""},"class_list":["post-29","page","type-page","status-publish","hentry"],"_links":{"self":[{"href":"https:\/\/wolfganghenrich.de\/psychotherapie-bielefeld\/wp-json\/wp\/v2\/pages\/29","targetHints":{"allow":["GET"]}}],"collection":[{"href":"https:\/\/wolfganghenrich.de\/psychotherapie-bielefeld\/wp-json\/wp\/v2\/pages"}],"about":[{"href":"https:\/\/wolfganghenrich.de\/psychotherapie-bielefeld\/wp-json\/wp\/v2\/types\/page"}],"author":[{"embeddable":true,"href":"https:\/\/wolfganghenrich.de\/psychotherapie-bielefeld\/wp-json\/wp\/v2\/users\/1"}],"replies":[{"embeddable":true,"href":"https:\/\/wolfganghenrich.de\/psychotherapie-bielefeld\/wp-json\/wp\/v2\/comments?post=29"}],"version-history":[{"count":6,"href":"https:\/\/wolfganghenrich.de\/psychotherapie-bielefeld\/wp-json\/wp\/v2\/pages\/29\/revisions"}],"predecessor-version":[{"id":427,"href":"https:\/\/wolfganghenrich.de\/psychotherapie-bielefeld\/wp-json\/wp\/v2\/pages\/29\/revisions\/427"}],"wp:attachment":[{"href":"https:\/\/wolfganghenrich.de\/psychotherapie-bielefeld\/wp-json\/wp\/v2\/media?parent=29"}],"curies":[{"name":"wp","href":"https:\/\/api.w.org\/{rel}","templated":true}]}}