{"id":431,"date":"2024-02-15T10:19:00","date_gmt":"2024-02-15T09:19:00","guid":{"rendered":"https:\/\/wolfganghenrich.de\/psychotherapie-bielefeld\/?page_id=431"},"modified":"2024-02-15T10:35:15","modified_gmt":"2024-02-15T09:35:15","slug":"zentrale-werthaltungen","status":"publish","type":"page","link":"https:\/\/wolfganghenrich.de\/psychotherapie-bielefeld\/zentrale-werthaltungen\/","title":{"rendered":"Zentrale Werthaltungen"},"content":{"rendered":"<h2>Zentrale Werthaltungen f\u00fcr die therapeutische Arbeit<\/h2>\n<blockquote>\n<h3>Solidarit\u00e4t mit Patienten<\/h3>\n<p>Psychotherapeuten sind dazu aufgefordert, sich auf die Seite ihrer Patienten zu stellen, sich mit ihnen zu solidarisieren, Partei zu ergreifen. Das ist nicht zu verstehen als eine affirmative Akzeptanz alles dessen, was Patienten in der Therapie vortragen, sondern als eine Grundhaltung, die Solidarit\u00e4t auch im Konflikt, im Widerspruch, im Ringen um L\u00f6sungen beinhaltet. &#8230;<\/p>\n<h3>Sensibilit\u00e4t f\u00fcr und Widerstand gegen Ungerechtigkeit<\/h3>\n<p>Patienten erfahren oft vielf\u00e4ltige Ungerechtigkeiten, sie werden missachtet, ihre M\u00f6glichkeiten werden beschnitten, ihre Anliegen \u00fcberh\u00f6rt, sie erleben Ausgrenzung. Psychotherapeutisches Arbeiten sollte an der Seite des Patienten stattfinden, Kr\u00e4nkungen und mangelnde Wertsch\u00e4tzung m\u00fcssen mitf\u00fchlend behandelt werden. Unrecht und Ungerechtigkeiten sollten mutig benannt werden.<\/p>\n<h3>Achtung gegen\u00fcber Andersartigkeit<\/h3>\n<p>Die Vielfalt menschlicher Lebensweisen zu f\u00f6rdern ist zentrales Thema der Therapiearbeit. Gleichzeitig l\u00e4uft das therapeutische Handeln immer wieder Gefahr, einer Normierung von Lebensentw\u00fcrfen zu erliegen, die \u201efully functioning person\u201c, wie Rogers sie nannte, zum mehr oder weniger impliziten Leitfaden des therapeutischen Prozesses zu machen. Auch die Klassifikation psychischer St\u00f6rungen birgt die Gefahr einer Normierung, weil sie definiert, was als eine \u201eSt\u00f6rung\u201c definiert wird und was nicht. Umso bedeutsamer ist es, Andersartigkeit zu akzeptieren, vielleicht sogar zu f\u00f6rdern.<\/p>\n<h3>Gro\u00dfherzigkeit und Empathie<\/h3>\n<p>Vielleicht ist das die wichtigste Haltung: Menschenliebe und Freude an der Arbeit mit Patienten, Toleranz, Humor, Offenheit, Interesse am Kennenlernen und Verstehen des Patienten sowie Wertsch\u00e4tzung.<\/p>\n<h3>Akzeptanz von Grenzen<\/h3>\n<p>Engagement f\u00fcr \u00c4nderungsm\u00f6glichkeiten bei gleichzeitiger Akzeptanz von Grenzen der Ver\u00e4nderung \u2013 sowohl aufseiten Patienten als auch bez\u00fcglich der eigenen therapeutischen Kompetenz. \u2026<\/p>\n<h3>Selbstf\u00fcrsorge<\/h3>\n<p>Die sorgf\u00e4ltige Bewahrung der eigenen Arbeitsf\u00e4higkeit ist f\u00fcr das psychotherapeutische Handeln zentral. Wer anderen helfen will, muss die eigenen Kr\u00e4fte gut einsch\u00e4tzen k\u00f6nnen, in der Lage sein, sich selbst kritisch zu reflektieren und Phasen der Ruhe und des Nachdenkens einplanen. &#8230; <\/p>\n<p><strong><br \/>\nProf. Dr. phil. Annette K\u00e4mmerer,<br \/>\nDr. phil. Sabine Rehahn-Sommer<br \/>\nIn: Deutsches \u00c4rzteblatt | PP | Heft 1 | Januar 2024, Seite 24-25<\/strong><\/p>\n","protected":false},"excerpt":{"rendered":"<p>Zentrale Werthaltungen f\u00fcr die therapeutische Arbeit Solidarit\u00e4t mit Patienten Psychotherapeuten sind dazu aufgefordert, sich auf die Seite ihrer Patienten zu stellen, sich mit ihnen zu solidarisieren, Partei zu ergreifen. Das ist nicht zu verstehen als eine affirmative Akzeptanz alles dessen,<\/p>\n","protected":false},"author":1,"featured_media":0,"parent":0,"menu_order":0,"comment_status":"closed","ping_status":"closed","template":"","meta":{"footnotes":""},"class_list":["post-431","page","type-page","status-publish","hentry"],"_links":{"self":[{"href":"https:\/\/wolfganghenrich.de\/psychotherapie-bielefeld\/wp-json\/wp\/v2\/pages\/431","targetHints":{"allow":["GET"]}}],"collection":[{"href":"https:\/\/wolfganghenrich.de\/psychotherapie-bielefeld\/wp-json\/wp\/v2\/pages"}],"about":[{"href":"https:\/\/wolfganghenrich.de\/psychotherapie-bielefeld\/wp-json\/wp\/v2\/types\/page"}],"author":[{"embeddable":true,"href":"https:\/\/wolfganghenrich.de\/psychotherapie-bielefeld\/wp-json\/wp\/v2\/users\/1"}],"replies":[{"embeddable":true,"href":"https:\/\/wolfganghenrich.de\/psychotherapie-bielefeld\/wp-json\/wp\/v2\/comments?post=431"}],"version-history":[{"count":9,"href":"https:\/\/wolfganghenrich.de\/psychotherapie-bielefeld\/wp-json\/wp\/v2\/pages\/431\/revisions"}],"predecessor-version":[{"id":441,"href":"https:\/\/wolfganghenrich.de\/psychotherapie-bielefeld\/wp-json\/wp\/v2\/pages\/431\/revisions\/441"}],"wp:attachment":[{"href":"https:\/\/wolfganghenrich.de\/psychotherapie-bielefeld\/wp-json\/wp\/v2\/media?parent=431"}],"curies":[{"name":"wp","href":"https:\/\/api.w.org\/{rel}","templated":true}]}}