{"id":44,"date":"2016-02-05T09:07:42","date_gmt":"2016-02-05T08:07:42","guid":{"rendered":"http:\/\/www.wolfganghenrich.de\/psychotherapie-bielefeld\/?page_id=44"},"modified":"2016-04-23T07:39:41","modified_gmt":"2016-04-23T05:39:41","slug":"kreativitaetstraining-kreative-therapie","status":"publish","type":"page","link":"https:\/\/wolfganghenrich.de\/psychotherapie-bielefeld\/kreativitaetstraining-kreative-therapie\/","title":{"rendered":"Kreativit\u00e4tstraining \/ Kreative Therapie (Katharina Martin)"},"content":{"rendered":"<div class=\"su-row\"><div class=\"su-column su-column-size-2-3\"><div class=\"su-column-inner su-u-clearfix su-u-trim\">\n<p>Die Kreative Therapie ist eine Therapieform, die zum Teil ganz spezifische Verfahren kennzeichnet (Kunsttherapie, Musiktherapie, expression corporelle, Tanztherapie, etc.), die aber auch auf ein Verfahren hinweist, das diese unterschiedlichen Elemente von Kreativit\u00e4t integriert. Gemeinsam ist diesen Therapieverfahren, dass sie einen Zugang zu sch\u00f6pferischen Prozessen er\u00f6ffnen. D. h. sie steigern einerseits allgemein die Sensibilit\u00e4t, die differenzierte Selbst- und Fremdwahrnehmung, also die Wahrnehmung k\u00f6rperlicher, emotionaler und geistiger Empfindungen und ebenso die soziale Wahrnehmung und die Wahrnehmung der Umwelt; andererseits verbessern sie die Ausdrucksf\u00e4higkeit, also die F\u00e4higkeit zur Selbstdarstellung und die Kontaktfunktion.<\/p>\n<p>Das Medium oder Ausdrucksmittel, mit Hilfe dessen die Arbeit an Wahrnehmung und Ausdruck stattfindet, z. B. Ton, Farbe und Papier, Musik, Bewegung, Tanz, etc., kennzeichnet h\u00e4ufig das spezifische Verfahren. Dieses Medium dient als Vermittler sowohl zwischen dem \u201eIch\u201c und den inneren Vorg\u00e4ngen als auch zwischen dem \u201eIch\u201c und dem Gegen\u00fcber. Au\u00dferdem l\u00e4\u00dft es Konfliktmaterial oder psychische Blockaden offensichtlich werden und macht sie h\u00e4ufig durch diese Art der Vorgehensweise erst einer weiteren therapeutischen Bearbeitung zug\u00e4nglich. Die hierbei entstandenen \u201erealen\u201c Produkte erm\u00f6glichen das Kennenlernen der blockierten oder gehemmten Verhaltensweisen, f\u00f6rdern die Auseinandersetzung mit dem Konfliktmaterial und regen zum Erproben alternativen Verhaltens an.<\/p>\n<p>Das Indikationsspektrum der Kreativen Therapie ist ebenso breit gef\u00e4chert wie ihre Methodenvielfalt: Es reicht von der Arbeit mit geistig und psychisch Behinderten, mit Fr\u00fchgest\u00f6rten bis hin zu der Arbeit mit den verschiedenen Neuroseformen. Psychosomatiker k\u00f6nnen von ihr ebenso profitieren wie Patienten mit geringer Introspektionsf\u00e4higkeit und intellektualisierender Abwehr. Die Kreative Therapie kann mit Kindern und Erwachsenen, in Gruppen- wie in Einzeltherapie angewandt werden.<\/div><\/div> <div class=\"su-column su-column-size-1-3\"><div class=\"su-column-inner su-u-clearfix su-u-trim\"><a href=\"http:\/\/www.wolfganghenrich.de\/psychotherapie-bielefeld\/pdf\/kreativitaetstraining_katharina_martin.pdf\" class=\"su-button su-button-style-flat su-button-wide\" style=\"color:#fff;background-color:#0066ff;border-color:#0052cc;border-radius:0px\" target=\"_blank\" rel=\"noopener noreferrer\"><span style=\"color:#fff;padding:6px 16px;font-size:13px;line-height:20px;border-color:#4d94ff;border-radius:0px;text-shadow:none\"><i class=\"sui sui-arrow-right\" style=\"font-size:13px;color:#fff\"><\/i> Kreativit\u00e4tstraining &#8211; Katharina Martin (PDF-Download)<\/span><\/a><\/div><\/div> <\/div>\n<p>&nbsp;<\/p>\n","protected":false},"excerpt":{"rendered":"<p>&nbsp;<\/p>\n","protected":false},"author":1,"featured_media":0,"parent":0,"menu_order":0,"comment_status":"closed","ping_status":"closed","template":"","meta":{"footnotes":""},"class_list":["post-44","page","type-page","status-publish","hentry"],"_links":{"self":[{"href":"https:\/\/wolfganghenrich.de\/psychotherapie-bielefeld\/wp-json\/wp\/v2\/pages\/44","targetHints":{"allow":["GET"]}}],"collection":[{"href":"https:\/\/wolfganghenrich.de\/psychotherapie-bielefeld\/wp-json\/wp\/v2\/pages"}],"about":[{"href":"https:\/\/wolfganghenrich.de\/psychotherapie-bielefeld\/wp-json\/wp\/v2\/types\/page"}],"author":[{"embeddable":true,"href":"https:\/\/wolfganghenrich.de\/psychotherapie-bielefeld\/wp-json\/wp\/v2\/users\/1"}],"replies":[{"embeddable":true,"href":"https:\/\/wolfganghenrich.de\/psychotherapie-bielefeld\/wp-json\/wp\/v2\/comments?post=44"}],"version-history":[{"count":12,"href":"https:\/\/wolfganghenrich.de\/psychotherapie-bielefeld\/wp-json\/wp\/v2\/pages\/44\/revisions"}],"predecessor-version":[{"id":167,"href":"https:\/\/wolfganghenrich.de\/psychotherapie-bielefeld\/wp-json\/wp\/v2\/pages\/44\/revisions\/167"}],"wp:attachment":[{"href":"https:\/\/wolfganghenrich.de\/psychotherapie-bielefeld\/wp-json\/wp\/v2\/media?parent=44"}],"curies":[{"name":"wp","href":"https:\/\/api.w.org\/{rel}","templated":true}]}}