{"id":68,"date":"2016-02-05T14:54:27","date_gmt":"2016-02-05T13:54:27","guid":{"rendered":"http:\/\/www.wolfganghenrich.de\/psychotherapie-bielefeld\/?page_id=68"},"modified":"2016-02-05T15:44:51","modified_gmt":"2016-02-05T14:44:51","slug":"tiefenpsychologisch-fundierte-psychotherapie","status":"publish","type":"page","link":"https:\/\/wolfganghenrich.de\/psychotherapie-bielefeld\/tiefenpsychologisch-fundierte-psychotherapie\/","title":{"rendered":"Tiefenpsychologisch fundierte Psychotherapie (am DFT-Lehrinstitut)"},"content":{"rendered":"<div class=\"article-content\">\n<p>Diese Therapieform beruht auf der Erkenntnis, dass viele seelische Ph\u00e4nomene unbewusst ablaufen. Gleichzeitig sind diese nicht bewussten Vorg\u00e4nge von gro\u00dfer Bedeutung f\u00fcr die k\u00f6rperliche und seelische Gesundheit bzw. Krankheit. Durch die fr\u00fche Kindheitsgeschichte erwirbt jeder Mensch eine psychische Struktur, die das Selbsterleben, den Umgang mit Gef\u00fchlen, moralische Vorstellungen und das Gestalten von Beziehungen bestimmt. Aktuelle Probleme, St\u00f6rungen und Konflikte sind dabei Ausdruck von Konflikten oder Traumatisierungen, die in der fr\u00fchen Kindheit erlebt und unzureichend verarbeitet wurden.<\/p>\n<p>Bei der tiefenpsychologisch fundierten Psychotherapie wird von einem oder mehreren begrenzten aktuellen Konflikten ausgegangen. Auftretende Gef\u00fchle werden aufgearbeitet und es wird ein Bezug zu wichtigen fr\u00fchen Erlebnissen und Beziehungsmustern hergestellt. Die damit verbundenen \u201ealten\u201c und oft verdr\u00e4ngten Gef\u00fchle werden aktuell wiederbelebt. Eine neue und bewusste Auseinandersetzung mit den alten Erfahrungen wird dadurch erm\u00f6glicht. Dabei ver\u00e4ndert sich der Umgang mit den aktuellen Problemen.<\/p>\n<p>Man kann die tiefenpsychologische Therapie mit der Renovierung von R\u00e4umen eines Hauses vergleichen, bei dem einige Mauern versetzt werden, ohne jedoch das ganze Haus abzurei\u00dfen.<\/p>\n<\/div>\n","protected":false},"excerpt":{"rendered":"<p>Diese Therapieform beruht auf der Erkenntnis, dass viele seelische Ph\u00e4nomene unbewusst ablaufen. Gleichzeitig sind diese nicht bewussten Vorg\u00e4nge von gro\u00dfer Bedeutung f\u00fcr die k\u00f6rperliche und seelische Gesundheit bzw. Krankheit. Durch die fr\u00fche Kindheitsgeschichte erwirbt jeder Mensch eine psychische Struktur, die<\/p>\n","protected":false},"author":1,"featured_media":0,"parent":0,"menu_order":0,"comment_status":"closed","ping_status":"closed","template":"","meta":{"footnotes":""},"class_list":["post-68","page","type-page","status-publish","hentry"],"_links":{"self":[{"href":"https:\/\/wolfganghenrich.de\/psychotherapie-bielefeld\/wp-json\/wp\/v2\/pages\/68","targetHints":{"allow":["GET"]}}],"collection":[{"href":"https:\/\/wolfganghenrich.de\/psychotherapie-bielefeld\/wp-json\/wp\/v2\/pages"}],"about":[{"href":"https:\/\/wolfganghenrich.de\/psychotherapie-bielefeld\/wp-json\/wp\/v2\/types\/page"}],"author":[{"embeddable":true,"href":"https:\/\/wolfganghenrich.de\/psychotherapie-bielefeld\/wp-json\/wp\/v2\/users\/1"}],"replies":[{"embeddable":true,"href":"https:\/\/wolfganghenrich.de\/psychotherapie-bielefeld\/wp-json\/wp\/v2\/comments?post=68"}],"version-history":[{"count":2,"href":"https:\/\/wolfganghenrich.de\/psychotherapie-bielefeld\/wp-json\/wp\/v2\/pages\/68\/revisions"}],"predecessor-version":[{"id":91,"href":"https:\/\/wolfganghenrich.de\/psychotherapie-bielefeld\/wp-json\/wp\/v2\/pages\/68\/revisions\/91"}],"wp:attachment":[{"href":"https:\/\/wolfganghenrich.de\/psychotherapie-bielefeld\/wp-json\/wp\/v2\/media?parent=68"}],"curies":[{"name":"wp","href":"https:\/\/api.w.org\/{rel}","templated":true}]}}