{"id":7,"date":"2016-02-05T07:53:33","date_gmt":"2016-02-05T06:53:33","guid":{"rendered":"http:\/\/www.wolfganghenrich.de\/psychotherapie-bielefeld\/?page_id=7"},"modified":"2025-12-09T00:47:28","modified_gmt":"2025-12-08T23:47:28","slug":"biographie","status":"publish","type":"page","link":"https:\/\/wolfganghenrich.de\/psychotherapie-bielefeld\/biographie\/","title":{"rendered":"Biographie"},"content":{"rendered":"<p>Ich wurde 1949 geboren, bin verheiratet und habe 4 Kinder. Nach Abschluss meines Psychologiestudiums (1977) habe ich in verschiedenen ambulanten und station\u00e4ren Einrichtungen (Beratungsstellen und Kliniken) als therapeutischer Mitarbeiter gearbeitet. 1983 habe ich mich entschlossen, meine eigene Praxis f\u00fcr Psychotherapie zu gr\u00fcnden.<\/p>\n<p><img loading=\"lazy\" decoding=\"async\" class=\"alignnone wp-image-268 size-full\" src=\"http:\/\/www.wolfganghenrich.de\/psychotherapie-bielefeld\/wp-content\/uploads\/2016\/02\/10.jpg\" alt=\"Psychotherapie | Bielefeld | Dipl.-Psych. Wolfgang Henrich\" width=\"1000\" height=\"496\" srcset=\"https:\/\/wolfganghenrich.de\/psychotherapie-bielefeld\/wp-content\/uploads\/2016\/02\/10.jpg 1000w, https:\/\/wolfganghenrich.de\/psychotherapie-bielefeld\/wp-content\/uploads\/2016\/02\/10-300x149.jpg 300w, https:\/\/wolfganghenrich.de\/psychotherapie-bielefeld\/wp-content\/uploads\/2016\/02\/10-768x381.jpg 768w\" sizes=\"auto, (max-width: 1000px) 100vw, 1000px\" \/><\/p>\n<p>Um f\u00fcr meine psychotherapeutische T\u00e4tigkeit auch entsprechend ger\u00fcstet zu sein, habe ich neben einer verhaltenstherapeutischen Ausbildung an der Universit\u00e4t Bochum nach weiteren effektiven Fortbildungsm\u00f6glichkeiten gesucht. Dabei h\u00f6rte ich von <strong>Katharina Martin*<\/strong>, einer kompetenten Therapeutin, die eine Ausbildung in \u201eKreativit\u00e4tstraining\u201c leitete. Da dies mein Interesse weckte, meldete ich mich zu einer mehrj\u00e4hrigen Fortbildung an. Diese Trainerin erinnerte mich an eine strenge tibetische Zen-Meisterin, die sogar in der Lage war, einen ausgewachsenen Mann \u00fcber mehrere Runden im Kreis herumzutragen, scheinbar m\u00fchelos.<\/p>\n<div class=\"su-spoiler su-spoiler-style-default su-spoiler-icon-plus-circle su-spoiler-closed\" data-scroll-offset=\"0\" data-anchor-in-url=\"no\"><div class=\"su-spoiler-title\" tabindex=\"0\" role=\"button\"><span class=\"su-spoiler-icon\"><\/span>*\u00dcber Katharina Martin<\/div><div class=\"su-spoiler-content su-u-clearfix su-u-trim\"><img loading=\"lazy\" decoding=\"async\" class=\"alignnone wp-image-175 size-full\" src=\"http:\/\/www.wolfganghenrich.de\/psychotherapie-bielefeld\/wp-content\/uploads\/2016\/02\/katharina_martin_72.jpg\" alt=\"katharina_martin_72\" width=\"140\" height=\"185\" \/><\/p>\n<p>Katharina Martin war Psychologin, Mitgr\u00fcnderin des Fritz-Perls-Institut, D\u00fcsseldorf (FPI) und des Institut f\u00fcr integrative Gestalttherapie, W\u00fcrzburg (IGW). Sie entwickelte die &gt; Essentielle Gestaltarbeit &lt;<\/div><\/div>\n<p>Aufgrund noch anderer au\u00dfergew\u00f6hnlicher Qualit\u00e4ten hatte sie mich sehr beeindruckt. So gab es bespielsweise gewisse \u201eSynchronizit\u00e4ten\u201c: Bei einer Gelegenheit, w\u00e4hrend eines Seminars, w\u00e4hlte jeder Teilnehmer scheinbar \u201ezuf\u00e4llig\u201c einen Spruch aus einer Menge von unterschiedlichsten Spr\u00fcchen, die sie zur Verf\u00fcgung gestellt hatte, und &#8211; zur Verbl\u00fcffung aller &#8211; hatte jeder einzelne einen Spruch gezogen, der haargenau zu den entsprechenden biographischen Gegebenheiten dieser Person passte.<\/p>\n<p>Sp\u00e4ter begann ich bei ihr auch meine Gestalttherapeutische Ausbildung und bekam von ihr die Empfehlung, mich an <strong>Gerald Kogan*<\/strong> als Lehranalytiker zu wenden, den sie als vertrauensw\u00fcrdigen Menschen und Freund kennengelernt hatte. Der Vertrauensvorschuss f\u00fcr diesen Ausbilder war genau der richtige Start f\u00fcr meine Einzelanalyse. Diese Art der Kontaktkn\u00fcpfung kann ich nur jedem empfehlen, der einen Ausbilder oder Therapeuten sucht. Die Geduld, die er mir schlie\u00dflich entgegengebracht hat, habe ich erst Jahre sp\u00e4ter, w\u00e4hrend meiner eigenen therapeutischen Arbeit, sch\u00e4tzen gelernt.<\/p>\n<div class=\"su-spoiler su-spoiler-style-default su-spoiler-icon-plus-circle su-spoiler-closed\" data-scroll-offset=\"0\" data-anchor-in-url=\"no\"><div class=\"su-spoiler-title\" tabindex=\"0\" role=\"button\"><span class=\"su-spoiler-icon\"><\/span>*\u00dcber Gerald Kogan <\/div><div class=\"su-spoiler-content su-u-clearfix su-u-trim\"><img loading=\"lazy\" decoding=\"async\" class=\"alignnone size-full wp-image-216\" src=\"http:\/\/www.wolfganghenrich.de\/psychotherapie-bielefeld\/wp-content\/uploads\/2016\/02\/gerald-kogan.jpg\" alt=\"gerald kogan\" width=\"339\" height=\"510\" srcset=\"https:\/\/wolfganghenrich.de\/psychotherapie-bielefeld\/wp-content\/uploads\/2016\/02\/gerald-kogan.jpg 339w, https:\/\/wolfganghenrich.de\/psychotherapie-bielefeld\/wp-content\/uploads\/2016\/02\/gerald-kogan-199x300.jpg 199w\" sizes=\"auto, (max-width: 339px) 100vw, 339px\" \/><\/p>\n<p>Gerald Kogan, Psychologe, war Ausbilder des Gestalt Institute San Francisco und Gr\u00fcnder des Gestalt-Education-Network-International, Frankfurt (GENI) sowie Mitbegr\u00fcnder der deutschen Vereinigung f\u00fcr Gestalttherapie (DVG). Er ist 2013 verstorben.<\/div><\/div>\n<p>Zur K\u00f6rpertherapie hatte ich anfangs ein sehr ambivalentes Verh\u00e4ltnis. So hatte ich w\u00e4hrend meines Studiums einen Film \u00fcber die \u201eEsalen-Massage\u201c gesehen. Dieser Film war lediglich als \u201eK\u00f6rpertherapeutische Methoden\u201c angek\u00fcndigt worden. Was ich dann jedoch sah, hat mich teils fasziniert, teils abgeschreckt: Dort massierten sich M\u00e4nner und Frauen gegenseitig und alle nackt! Aufgrund dieser Ambivalenz hatte ich es nie gewagt, mich weiter mit dieser Therapierichtung zu befassen, bis ich auf einem Gestaltworkshop <strong>Michael Smith*<\/strong> kennenlernte: Im Sommer 1983, in dem es so hei\u00df war, dass sich die W\u00e4lder zum Teil selbst entz\u00fcndeten, fuhr ich nach S\u00fcdfrankreich. Dort angekommen, in einer flimmernden Luft von mehr als 40 Grad im Schatten, tanzte Michael Tai-Chi-\u00dcbungen. Ich begann schon, ihn in die entsprechende Schublade zu stecken. Als er dann jedoch sp\u00e4ter mit einer Flasche Bier in der Hand und einem \u201eGhettoblaster\u201c auf der Schulter zur Rockmusik singend zum gemeinsamen Abendessen im Freien kam, war diese Schublade des abgehobenen Thai-Chi Gurus schnell wieder zu. Es lie\u00df ihn bodenst\u00e4ndiger erscheinen und holte ihn f\u00fcr mich wieder in die reale Welt. Er war das von allen Kollegen und auch von seinem Lehrer unbestrittene Genie. So brauchte er z. B. nur ganz sanft bestimmte Gesichts- oder K\u00f6rperpartien zu ber\u00fchren und schon wurden Blockaden, die er einfach \u201esah\u201c, aufgel\u00f6st, meist in Form von kathartischen Entladungen (Katharsis, griechisch = \u201eseelische Reinigung\u201c). Was in seinen Gruppen passierte, konnte ich nur staunend bewundern, ohne dass ich genauer h\u00e4tte sagen k\u00f6nnen, was hier eigentlich vor sich ging.<\/p>\n<div class=\"su-spoiler su-spoiler-style-default su-spoiler-icon-plus-circle su-spoiler-closed\" data-scroll-offset=\"0\" data-anchor-in-url=\"no\"><div class=\"su-spoiler-title\" tabindex=\"0\" role=\"button\"><span class=\"su-spoiler-icon\"><\/span>*\u00dcber Michael Smith <\/div><div class=\"su-spoiler-content su-u-clearfix su-u-trim\">\n<p>Michael Smith war Psychologe und Ausbilder der &#8222;Lomi-School&#8220; und Gestaltausbilder verschiedener Gestaltinstitute in den USA und in Europa. Er ist 1989 verstorben.<\/div><\/div>\n<p>Sp\u00e4ter lernte ich seinen Lehrer <strong>Robert Hall*<\/strong> und <strong>Ernestine Ward*<\/strong> kennen, in deren Gruppen ich, nachdem ich meine Gestaltausbildung schon l\u00e4ngst abgeschlossen hatte, erfahren habe, was es wirklich hei\u00dft, im \u201eHier und Jetzt\u201c zu sein:<br \/>\nSo ging es mir einmal w\u00e4hrend eines Seminars wirklich hundsmiserabel: Ich f\u00fchlte mich weder angenommen noch verstanden. Stattdessen wusste ich: \u201eNiemand liebt mich!\u201c Eigentlich war ich soweit, dass ich auch nicht mehr wusste, wozu eigentlich diese ganze Ausbildung gut sein sollte, und letzten Endes zweifelte ich \u00fcberhaupt an meinem Beruf. Ich war also kurz davor zu sagen, dass ich ein hoffnungsloser Fall w\u00e4re. In dieser Situation nahm ich all meinen Mut zusammen, um zu gestehen, wie schrecklich es mir in diesem Augenblick ging. Aber meine Erwartung, dass ich nun eine pfiffige L\u00f6sung angeboten bek\u00e4me oder doch wenigstens ein tr\u00f6stendes Wort, wurde grundlegend entt\u00e4uscht: Stattdessen sagte Robert ganz ruhig und klar zu mir: \u201eThen be this hopeless case!\u201c (\u201eDann sei dieser hoffnungslose Fall!\u201c).<br \/>\nDieser einfache Satz warf mich auf mich selbst zur\u00fcck und brachte den Knoten zum Platzen: Ich hatte die L\u00f6sung im Au\u00dfen gesucht und \u00fcbersehen, dass sie in mir selbst lag und gleichzeitig in jenem aktuellen Augenblick; ich brauchte nicht erst auf eine ungewisse Zukunft zu warten.<\/p>\n<p>Es klingt eigentlich recht simpel, fast banal, wenn er sagte: \u201eAlles, was so ist, ist so, wie es ist\u201c. D. h. letzten Endes darf ich mir gestatten, so zu sein wie ich jetzt in diesem Augenblick bin, inklusive meiner Schw\u00e4chen und unabh\u00e4ngig von irgendwelchen Normen.<\/p>\n<div class=\"su-spoiler su-spoiler-style-default su-spoiler-icon-plus-circle su-spoiler-closed\" data-scroll-offset=\"0\" data-anchor-in-url=\"no\"><div class=\"su-spoiler-title\" tabindex=\"0\" role=\"button\"><span class=\"su-spoiler-icon\"><\/span>*\u00dcber Robert Hall <\/div><div class=\"su-spoiler-content su-u-clearfix su-u-trim\"><img loading=\"lazy\" decoding=\"async\" class=\"alignnone size-full wp-image-218\" src=\"http:\/\/www.wolfganghenrich.de\/psychotherapie-bielefeld\/wp-content\/uploads\/2016\/02\/Robert-Hall1.jpg\" alt=\"robert hall\" width=\"297\" height=\"306\" srcset=\"https:\/\/wolfganghenrich.de\/psychotherapie-bielefeld\/wp-content\/uploads\/2016\/02\/Robert-Hall1.jpg 297w, https:\/\/wolfganghenrich.de\/psychotherapie-bielefeld\/wp-content\/uploads\/2016\/02\/Robert-Hall1-291x300.jpg 291w\" sizes=\"auto, (max-width: 297px) 100vw, 297px\" \/><\/p>\n<p>Robert Hall, Arzt, war Mitgr\u00fcnder der &#8222;Lomi-School&#8220; und des Gestalt-Institute von San Francisco. <\/div><\/div>\n<div class=\"su-spoiler su-spoiler-style-default su-spoiler-icon-plus-circle su-spoiler-closed\" data-scroll-offset=\"0\" data-anchor-in-url=\"no\"><div class=\"su-spoiler-title\" tabindex=\"0\" role=\"button\"><span class=\"su-spoiler-icon\"><\/span>*\u00dcber Ernestine Ward <\/div><div class=\"su-spoiler-content su-u-clearfix su-u-trim\"><img loading=\"lazy\" decoding=\"async\" class=\"alignnone size-full wp-image-225\" src=\"http:\/\/www.wolfganghenrich.de\/psychotherapie-bielefeld\/wp-content\/uploads\/2016\/02\/Ernestine-Ward.jpg\" alt=\"Ernestine Ward\" width=\"234\" height=\"257\" \/><\/p>\n<p>Ernestine Ward, Psychologin, ist Ausbilderin der &#8222;Lomi-School&#8220; und des Instituts f\u00fcr Posturale Integration.<\/div><\/div>\n","protected":false},"excerpt":{"rendered":"<p>Ich wurde 1949 geboren, bin verheiratet und habe 4 Kinder. Nach Abschluss meines Psychologiestudiums (1977) habe ich in verschiedenen ambulanten und station\u00e4ren Einrichtungen (Beratungsstellen und Kliniken) als therapeutischer Mitarbeiter gearbeitet. 1983 habe ich mich entschlossen, meine eigene Praxis f\u00fcr Psychotherapie<\/p>\n","protected":false},"author":1,"featured_media":0,"parent":0,"menu_order":0,"comment_status":"closed","ping_status":"closed","template":"","meta":{"footnotes":""},"class_list":["post-7","page","type-page","status-publish","hentry"],"_links":{"self":[{"href":"https:\/\/wolfganghenrich.de\/psychotherapie-bielefeld\/wp-json\/wp\/v2\/pages\/7","targetHints":{"allow":["GET"]}}],"collection":[{"href":"https:\/\/wolfganghenrich.de\/psychotherapie-bielefeld\/wp-json\/wp\/v2\/pages"}],"about":[{"href":"https:\/\/wolfganghenrich.de\/psychotherapie-bielefeld\/wp-json\/wp\/v2\/types\/page"}],"author":[{"embeddable":true,"href":"https:\/\/wolfganghenrich.de\/psychotherapie-bielefeld\/wp-json\/wp\/v2\/users\/1"}],"replies":[{"embeddable":true,"href":"https:\/\/wolfganghenrich.de\/psychotherapie-bielefeld\/wp-json\/wp\/v2\/comments?post=7"}],"version-history":[{"count":39,"href":"https:\/\/wolfganghenrich.de\/psychotherapie-bielefeld\/wp-json\/wp\/v2\/pages\/7\/revisions"}],"predecessor-version":[{"id":449,"href":"https:\/\/wolfganghenrich.de\/psychotherapie-bielefeld\/wp-json\/wp\/v2\/pages\/7\/revisions\/449"}],"wp:attachment":[{"href":"https:\/\/wolfganghenrich.de\/psychotherapie-bielefeld\/wp-json\/wp\/v2\/media?parent=7"}],"curies":[{"name":"wp","href":"https:\/\/api.w.org\/{rel}","templated":true}]}}