{"id":70,"date":"2016-02-05T14:55:14","date_gmt":"2016-02-05T13:55:14","guid":{"rendered":"http:\/\/www.wolfganghenrich.de\/psychotherapie-bielefeld\/?page_id=70"},"modified":"2016-04-23T07:25:56","modified_gmt":"2016-04-23T05:25:56","slug":"psycholytische-psychotherapie","status":"publish","type":"page","link":"https:\/\/wolfganghenrich.de\/psychotherapie-bielefeld\/psycholytische-psychotherapie\/","title":{"rendered":"Psycholytische Psychotherapie (Hanscarl Leuner)"},"content":{"rendered":"<h2>Die Psycholytische Therapie<\/h2>\n<p>Die psycholytische Technik ist ein von Hanscarl Leuner entwickeltes Verfahren. Sie ist \u201ekeine eigenst\u00e4ndige Therapie\u201c, sondern \u201e [&#8230;] mu\u00df sorgf\u00e4ltig in eine tiefenpsychologisch fundierte Psychotherapie integriert sein.\u201c Leuner ging davon aus, da\u00df die von ihm ebenfalls entwickelte \u201eTagtraumtechnik der Psychotherapie, das Katathyme Bilderleben [&#8230;], durch Unterst\u00fctzung halluzinogener Substanzen intensiviert und vertieft werden kann.\u201c<\/p>\n<p><img loading=\"lazy\" decoding=\"async\" class=\"alignnone wp-image-323 size-full\" title=\"Praxis f\u00fcr Psychotherapie Wolfgang Henrich - Psycholytische Psychotherapie\" src=\"http:\/\/www.wolfganghenrich.de\/psychotherapie-bielefeld\/wp-content\/uploads\/2016\/02\/Aya_Web.jpg\" alt=\"Praxis f\u00fcr Psychotherapie Wolfgang Henrich - Psycholytische Psychotherapie\" width=\"1100\" height=\"733\" srcset=\"https:\/\/wolfganghenrich.de\/psychotherapie-bielefeld\/wp-content\/uploads\/2016\/02\/Aya_Web.jpg 1100w, https:\/\/wolfganghenrich.de\/psychotherapie-bielefeld\/wp-content\/uploads\/2016\/02\/Aya_Web-300x200.jpg 300w, https:\/\/wolfganghenrich.de\/psychotherapie-bielefeld\/wp-content\/uploads\/2016\/02\/Aya_Web-768x512.jpg 768w, https:\/\/wolfganghenrich.de\/psychotherapie-bielefeld\/wp-content\/uploads\/2016\/02\/Aya_Web-1024x682.jpg 1024w\" sizes=\"auto, (max-width: 1100px) 100vw, 1100px\" \/><\/p>\n<h3>Vertiefung der therapeutischen Prozesse<\/h3>\n<p>Die psychische Wirkung \u201eist bestimmt durch tagtraumartige Imaginationen vor geschlossenen Augen [&#8230;]. Gleichzeitig werden Stim-mungen, Gef\u00fchle und Affekte vermehrt freigesetzt. [&#8230;] Der Satz vom Widerspruch ist aufgehoben, bildhaftes Denken steht im Vordergrund, emotionale Einsichten werden gewonnen, und es herrscht ein hoher Grad emotionaler Gewi\u00dfheit \u00fcber die hervortretenden unbewu\u00dften psychischen Inhalte. Diese sind \u00fcberwiegend konfliktzentriert bzw. spiegeln die latenten (unbewu\u00dften) Konflikterfahrungen teils in bildhaft-symbolischer Form nach Art der Traumsymbolik oder der katathymen Bilder wider.\u201c Hierbei werden \u201eBewu\u00dftseinserweiternde Einsichten in die Genese der Psychodynamik und die Konfliktabh\u00e4ngigkeit der Symptomatik [&#8230;] geweckt.\u201c [&#8230;] \u201eDie Gesamtzahl der Sitzungen h\u00e4ngt von der gestellten therapeutischen Aufgabe ab. Schon eine bis zwei Sitzungen in eine konventionelle, aufdeckende Psychotherapie eingestreut, k\u00f6nnen diese entscheidend f\u00f6rdern.\u201c<\/p>\n<h3>Indikationen:<\/h3>\n<p>Typische Indikationen sind Angst- und Zwangsneurosen, neurotische oder reaktive Depressionen und psychosomatischen Zust\u00e4nde. Auch konnten vordem als therapieresistent erachtete Patientengruppen mit gutem Erfolg psychotherapeutisch behandelt werden.<br \/>\nDa die in dieser Therapieform verwendeten Substanzen teilweise unter das Bet\u00e4ubungsmittelgesetz fallen, mu\u00dften hierf\u00fcr Sondergenehmigungen beantragt werden, die inzwischen teilweise (z. B. f\u00fcr wissenschaftliche Zwecke und Forschungsvorhaben) wieder erteilt wurden.<\/p>\n<p>zitiert nach: Leuner H.: Die Psycholytische Therapie; Durch Halluzinogene unterst\u00fctzte tiefenpsychologische Psychotherapie, S. 151-161, in: Dittrich, A. und Scharfetter, Chr. (Hrsg.) Ethnopsychotherapie &#8211; Psychotherapie mittels au\u00dfergew\u00f6hnlicher Bewu\u00dftseinszust\u00e4nde in westlichen und indigenen Kulturen, Ferdinand Enke, Stuttgart 1987<\/p>\n<p>Siehe hierzu auch die Verweise auf die Internetseiten des <a href=\"http:\/\/web.archive.org\/web\/20071224124509\/http:\/\/www.ecbs.ch\/intro_g.shtml\" target=\"_blank\"><u>ECBS<\/u><\/a> und und vor allem der <a href=\"http:\/\/www.maps.org\/\" target=\"_blank\"><u>MAPS<\/u><\/a>, die auch aktuelle Forschungsans\u00e4tze und -ergebnisse auch aus dem europ\u00e4ischen Raum ver\u00f6ffentlicht!<\/p>\n<p>Wenn Sie mehr zur &#8222;Psycholytischen Psychotherapie&#8220; in Wikipedia weiterlesen wollen, klicken Sie <span style=\"text-decoration: underline;\"><a href=\"https:\/\/de.wikipedia.org\/wiki\/Psycholytische_Psychotherapie\" target=\"_blank\">hier<\/a><\/span><\/p>\n","protected":false},"excerpt":{"rendered":"<p>Die Psycholytische Therapie Die psycholytische Technik ist ein von Hanscarl Leuner entwickeltes Verfahren. Sie ist \u201ekeine eigenst\u00e4ndige Therapie\u201c, sondern \u201e [&#8230;] mu\u00df sorgf\u00e4ltig in eine tiefenpsychologisch fundierte Psychotherapie integriert sein.\u201c Leuner ging davon aus, da\u00df die von ihm ebenfalls entwickelte<\/p>\n","protected":false},"author":1,"featured_media":0,"parent":0,"menu_order":0,"comment_status":"closed","ping_status":"closed","template":"","meta":{"footnotes":""},"class_list":["post-70","page","type-page","status-publish","hentry"],"_links":{"self":[{"href":"https:\/\/wolfganghenrich.de\/psychotherapie-bielefeld\/wp-json\/wp\/v2\/pages\/70","targetHints":{"allow":["GET"]}}],"collection":[{"href":"https:\/\/wolfganghenrich.de\/psychotherapie-bielefeld\/wp-json\/wp\/v2\/pages"}],"about":[{"href":"https:\/\/wolfganghenrich.de\/psychotherapie-bielefeld\/wp-json\/wp\/v2\/types\/page"}],"author":[{"embeddable":true,"href":"https:\/\/wolfganghenrich.de\/psychotherapie-bielefeld\/wp-json\/wp\/v2\/users\/1"}],"replies":[{"embeddable":true,"href":"https:\/\/wolfganghenrich.de\/psychotherapie-bielefeld\/wp-json\/wp\/v2\/comments?post=70"}],"version-history":[{"count":16,"href":"https:\/\/wolfganghenrich.de\/psychotherapie-bielefeld\/wp-json\/wp\/v2\/pages\/70\/revisions"}],"predecessor-version":[{"id":327,"href":"https:\/\/wolfganghenrich.de\/psychotherapie-bielefeld\/wp-json\/wp\/v2\/pages\/70\/revisions\/327"}],"wp:attachment":[{"href":"https:\/\/wolfganghenrich.de\/psychotherapie-bielefeld\/wp-json\/wp\/v2\/media?parent=70"}],"curies":[{"name":"wp","href":"https:\/\/api.w.org\/{rel}","templated":true}]}}