{"id":72,"date":"2016-02-05T14:55:59","date_gmt":"2016-02-05T13:55:59","guid":{"rendered":"http:\/\/www.wolfganghenrich.de\/psychotherapie-bielefeld\/?page_id=72"},"modified":"2016-03-13T19:19:22","modified_gmt":"2016-03-13T18:19:22","slug":"holotrope-atemarbeit","status":"publish","type":"page","link":"https:\/\/wolfganghenrich.de\/psychotherapie-bielefeld\/holotrope-atemarbeit\/","title":{"rendered":"Holotrope Atemarbeit (Stanislav Grof)"},"content":{"rendered":"<p>Die holotrope Atemarbeit ist ein von Stanislav Grof entwickeltes Verfahren, mit dem \u00e4hnliche Bewusstseins-Ver\u00e4nderungen und -Erweiterungen hervorgerufen werden sollen, wie bei der Anwendung von psychoaktiven Substanzen mit dem Zweck bislang abgespaltene Teile in die Pers\u00f6nlichkeit zu integrieren. Dies soll vor allem durch eine beschleunigte und vertiefte Atmung erreicht werden sowie durch eine Musik, die den Prozess der verst\u00e4rkten Innenschau unterst\u00fctzen soll. Grof hatte vorher lange Jahre Erfahrungen mit der Anwendung von LSD in seiner psychotherapeutischen Arbeit sammeln k\u00f6nnen. Da diese Substanz jedoch in vielen L\u00e4ndern Ende der Sechziger verboten worden war und somit auch die Forschung in diesem Bereich unm\u00f6glich gemacht hatte, hatte er nach brauchbaren alternativen Methoden gesucht, die vergleichbare Wirkungen hervorrufen konnten.<\/p>\n<p>Wenn Sie mehr \u00fcber die holotrope Atemarbeit nachlesen m\u00f6chten, k\u00f6nnen Sie sich bei Wikipedia informieren:<\/p>\n<p><a href=\"https:\/\/de.wikipedia.org\/wiki\/Holotropes_Atmen\">https:\/\/de.wikipedia.org\/wiki\/Holotropes_Atmen<\/a><\/p>\n","protected":false},"excerpt":{"rendered":"<p>Die holotrope Atemarbeit ist ein von Stanislav Grof entwickeltes Verfahren, mit dem \u00e4hnliche Bewusstseins-Ver\u00e4nderungen und -Erweiterungen hervorgerufen werden sollen, wie bei der Anwendung von psychoaktiven Substanzen mit dem Zweck bislang abgespaltene Teile in die Pers\u00f6nlichkeit zu integrieren. Dies soll vor<\/p>\n","protected":false},"author":1,"featured_media":0,"parent":0,"menu_order":0,"comment_status":"closed","ping_status":"closed","template":"","meta":{"footnotes":""},"class_list":["post-72","page","type-page","status-publish","hentry"],"_links":{"self":[{"href":"https:\/\/wolfganghenrich.de\/psychotherapie-bielefeld\/wp-json\/wp\/v2\/pages\/72","targetHints":{"allow":["GET"]}}],"collection":[{"href":"https:\/\/wolfganghenrich.de\/psychotherapie-bielefeld\/wp-json\/wp\/v2\/pages"}],"about":[{"href":"https:\/\/wolfganghenrich.de\/psychotherapie-bielefeld\/wp-json\/wp\/v2\/types\/page"}],"author":[{"embeddable":true,"href":"https:\/\/wolfganghenrich.de\/psychotherapie-bielefeld\/wp-json\/wp\/v2\/users\/1"}],"replies":[{"embeddable":true,"href":"https:\/\/wolfganghenrich.de\/psychotherapie-bielefeld\/wp-json\/wp\/v2\/comments?post=72"}],"version-history":[{"count":4,"href":"https:\/\/wolfganghenrich.de\/psychotherapie-bielefeld\/wp-json\/wp\/v2\/pages\/72\/revisions"}],"predecessor-version":[{"id":307,"href":"https:\/\/wolfganghenrich.de\/psychotherapie-bielefeld\/wp-json\/wp\/v2\/pages\/72\/revisions\/307"}],"wp:attachment":[{"href":"https:\/\/wolfganghenrich.de\/psychotherapie-bielefeld\/wp-json\/wp\/v2\/media?parent=72"}],"curies":[{"name":"wp","href":"https:\/\/api.w.org\/{rel}","templated":true}]}}